{"id":2,"date":"2025-09-27T10:31:29","date_gmt":"2025-09-27T08:31:29","guid":{"rendered":"http:\/\/www.xn--mdforfatterne-bnb.dk\/?page_id=2"},"modified":"2026-03-14T10:36:28","modified_gmt":"2026-03-14T09:36:28","slug":"eksempel-side","status":"publish","type":"page","link":"https:\/\/www.gratisb\u00f8rneb\u00f8ger.dk\/","title":{"rendered":"F\u00e5 Danmarks fedeste nyhedsbrev om b\u00f8rneb\u00f8ger (+ fri adgang til M\u00c5NEDENS BOG lige nu!)"},"content":{"rendered":"\n<p><a href=\"https:\/\/preview.mailerlite.io\/forms\/1804183\/165882161517298817\/share\" target=\"_blank\" rel=\"noopener\" title=\"\">>>>Skriv dig op til nyhedsbrevet \u2013 fra forfatterne bag GratisB\u00f8rneb\u00f8ger.dk<\/a><\/p>\n\n\n\n<figure class=\"wp-block-image size-large\"><a href=\"https:\/\/preview.mailerlite.io\/forms\/1804183\/165882161517298817\/share\" target=\"_blank\" rel=\" noreferrer noopener\"><img loading=\"lazy\" decoding=\"async\" width=\"1024\" height=\"256\" src=\"https:\/\/www.gratisb\u00f8rneb\u00f8ger.dk\/wp-content\/uploads\/2025\/09\/gratis-boger-mellemtrin-spaendende-hyggelige-1024x256.jpg\" alt=\"Gratis boger mellemtrin spaendende hyggelige\" class=\"wp-image-8\" srcset=\"https:\/\/www.gratisb\u00f8rneb\u00f8ger.dk\/wp-content\/uploads\/2025\/09\/gratis-boger-mellemtrin-spaendende-hyggelige-1024x256.jpg 1024w, https:\/\/www.gratisb\u00f8rneb\u00f8ger.dk\/wp-content\/uploads\/2025\/09\/gratis-boger-mellemtrin-spaendende-hyggelige-300x75.jpg 300w, https:\/\/www.gratisb\u00f8rneb\u00f8ger.dk\/wp-content\/uploads\/2025\/09\/gratis-boger-mellemtrin-spaendende-hyggelige-768x192.jpg 768w, https:\/\/www.gratisb\u00f8rneb\u00f8ger.dk\/wp-content\/uploads\/2025\/09\/gratis-boger-mellemtrin-spaendende-hyggelige-1536x384.jpg 1536w, https:\/\/www.gratisb\u00f8rneb\u00f8ger.dk\/wp-content\/uploads\/2025\/09\/gratis-boger-mellemtrin-spaendende-hyggelige.jpg 1920w\" sizes=\"auto, (max-width: 1024px) 100vw, 1024px\" \/><\/a><\/figure>\n\n\n\n<p class=\"has-text-align-center\"><\/p>\n\n\n\n<figure class=\"wp-block-image aligncenter size-full\"><a href=\"https:\/\/preview.mailerlite.io\/forms\/1804183\/165882161517298817\/share\" target=\"_blank\" rel=\" noreferrer noopener\"><img loading=\"lazy\" decoding=\"async\" width=\"532\" height=\"502\" src=\"https:\/\/www.gratisb\u00f8rneb\u00f8ger.dk\/wp-content\/uploads\/2025\/09\/2025_tilmelding-til-GB.jpg\" alt=\"2025 tilmelding til gb\" class=\"wp-image-85\" srcset=\"https:\/\/www.gratisb\u00f8rneb\u00f8ger.dk\/wp-content\/uploads\/2025\/09\/2025_tilmelding-til-GB.jpg 532w, https:\/\/www.gratisb\u00f8rneb\u00f8ger.dk\/wp-content\/uploads\/2025\/09\/2025_tilmelding-til-GB-300x283.jpg 300w\" sizes=\"auto, (max-width: 532px) 100vw, 532px\" \/><\/a><\/figure>\n\n\n\n<hr class=\"wp-block-separator has-alpha-channel-opacity\"\/>\n\n\n\n<p>Fire gode bud p\u00e5 en fed bog. Find den p\u00e5 eReolen GO<\/p>\n\n\n\n<div class=\"wp-block-media-text is-stacked-on-mobile\"><figure class=\"wp-block-media-text__media\"><img loading=\"lazy\" decoding=\"async\" width=\"310\" height=\"500\" src=\"https:\/\/www.gratisb\u00f8rneb\u00f8ger.dk\/wp-content\/uploads\/2025\/09\/Draeberdroner-i-skoven_500.jpg\" alt=\"Dr\u00e6berdroner i skoven 500\" class=\"wp-image-56 size-full\" srcset=\"https:\/\/www.gratisb\u00f8rneb\u00f8ger.dk\/wp-content\/uploads\/2025\/09\/Draeberdroner-i-skoven_500.jpg 310w, https:\/\/www.gratisb\u00f8rneb\u00f8ger.dk\/wp-content\/uploads\/2025\/09\/Draeberdroner-i-skoven_500-186x300.jpg 186w\" sizes=\"auto, (max-width: 310px) 100vw, 310px\" \/><\/figure><div class=\"wp-block-media-text__content\">\n<p><\/p>\n\n\n\n<h4 class=\"wp-block-heading\">Dr\u00e6berdroner i skoven<\/h4>\n\n\n\n<p><em>Sp\u00e6ndingsbog af Bo Skjoldborg. Fra 10 \u00e5r<\/em><\/p>\n\n\n\n<p>Sigge, Lille-Joe og Katinka er tilbage p\u00e5 B\u00f8rneh\u00e5b Kostskole. I Fortidsskoven angriber 367 mikrodroner, s\u00e5 der er kun \u00e9n ting at g\u00f8re.<\/p>\n\n\n\n<div class=\"wp-block-buttons is-layout-flex wp-block-buttons-is-layout-flex\">\n<div class=\"wp-block-button is-style-outline is-style-outline--1\"><a class=\"wp-block-button__link wp-element-button\" href=\"http:\/\/ereolengo.dk\/ting\/object\/870970-basis%3A139878884\">L\u00e6s og lyt p\u00e5 eReolen GO<\/a><\/div>\n<\/div>\n\n\n\n<p><\/p>\n<\/div><\/div>\n\n\n\n<hr class=\"wp-block-separator has-alpha-channel-opacity\"\/>\n\n\n\n<div class=\"wp-block-media-text is-stacked-on-mobile\"><figure class=\"wp-block-media-text__media\"><img loading=\"lazy\" decoding=\"async\" width=\"444\" height=\"599\" src=\"https:\/\/www.gratisb\u00f8rneb\u00f8ger.dk\/wp-content\/uploads\/2025\/09\/Nomerne.jpg\" alt=\"Nomerne\" class=\"wp-image-11 size-full\" srcset=\"https:\/\/www.gratisb\u00f8rneb\u00f8ger.dk\/wp-content\/uploads\/2025\/09\/Nomerne.jpg 444w, https:\/\/www.gratisb\u00f8rneb\u00f8ger.dk\/wp-content\/uploads\/2025\/09\/Nomerne-222x300.jpg 222w\" sizes=\"auto, (max-width: 444px) 100vw, 444px\" \/><\/figure><div class=\"wp-block-media-text__content\">\n<p><\/p>\n\n\n\n<h4 class=\"wp-block-heading\">Nomernes vilde v\u00e6ddel\u00f8b<\/h4>\n\n\n\n<p><em>Fantasy billedbog af Jan Kj\u00e6r<\/em> <\/p>\n\n\n\n<p>F\u00f8lg rytter-nomen Minno i hans fors\u00f8g p\u00e5 at vinde nomernes vilde v\u00e6ddel\u00f8b.<\/p>\n\n\n\n<div class=\"wp-block-buttons is-layout-flex wp-block-buttons-is-layout-flex\">\n<div class=\"wp-block-button is-style-outline is-style-outline--2\"><a class=\"wp-block-button__link wp-element-button\" href=\"http:\/\/ereolengo.dk\/ting\/object\/870970-basis%3A50808378\" target=\"_blank\" rel=\"noreferrer noopener\">Lyt p\u00e5 eReolen GO<\/a><\/div>\n<\/div>\n\n\n\n<p><\/p>\n<\/div><\/div>\n\n\n\n<hr class=\"wp-block-separator has-alpha-channel-opacity\"\/>\n\n\n\n<div class=\"wp-block-media-text is-stacked-on-mobile\"><figure class=\"wp-block-media-text__media\"><img loading=\"lazy\" decoding=\"async\" width=\"731\" height=\"1024\" src=\"https:\/\/www.gratisb\u00f8rneb\u00f8ger.dk\/wp-content\/uploads\/2025\/09\/Haloween-731x1024.jpg\" alt=\"Haloween\" class=\"wp-image-54 size-full\" srcset=\"https:\/\/www.gratisb\u00f8rneb\u00f8ger.dk\/wp-content\/uploads\/2025\/09\/Haloween-731x1024.jpg 731w, https:\/\/www.gratisb\u00f8rneb\u00f8ger.dk\/wp-content\/uploads\/2025\/09\/Haloween-214x300.jpg 214w, https:\/\/www.gratisb\u00f8rneb\u00f8ger.dk\/wp-content\/uploads\/2025\/09\/Haloween-768x1077.jpg 768w, https:\/\/www.gratisb\u00f8rneb\u00f8ger.dk\/wp-content\/uploads\/2025\/09\/Haloween-1096x1536.jpg 1096w, https:\/\/www.gratisb\u00f8rneb\u00f8ger.dk\/wp-content\/uploads\/2025\/09\/Haloween.jpg 1461w\" sizes=\"auto, (max-width: 731px) 100vw, 731px\" \/><\/figure><div class=\"wp-block-media-text__content\">\n<h4 class=\"wp-block-heading\">Halloween i den gamle nazi-bunker<\/h4>\n\n\n\n<p><em>Gys og humor af Henrik Einspor. Fra 10 \u00e5<\/em>r<\/p>\n\n\n\n<p>Kort f\u00f8r halloween dukker en gammel tysk bunker frem fra sandet. Fire drenge g\u00e5r p\u00e5 jagt efter en sej souvenir. Men i bunkerens m\u00f8rke venter en overraskelse.<\/p>\n\n\n\n<div class=\"wp-block-buttons is-layout-flex wp-block-buttons-is-layout-flex\">\n<div class=\"wp-block-button is-style-outline is-style-outline--3\"><a class=\"wp-block-button__link wp-element-button\" href=\"https:\/\/go.bibliotek.kk.dk\/work\/work-of%3A870970-basis%3A138710815?type=BOOKS\" target=\"_blank\" rel=\"noreferrer noopener\">L\u00e6s og lyt p\u00e5 eReolen GO<\/a><\/div>\n<\/div>\n\n\n\n<p><\/p>\n<\/div><\/div>\n\n\n\n<hr class=\"wp-block-separator has-alpha-channel-opacity\"\/>\n\n\n\n<div class=\"wp-block-media-text is-stacked-on-mobile\"><figure class=\"wp-block-media-text__media\"><img loading=\"lazy\" decoding=\"async\" width=\"721\" height=\"1024\" src=\"https:\/\/www.gratisb\u00f8rneb\u00f8ger.dk\/wp-content\/uploads\/2025\/09\/verdens-bedste-bog-721x1024.jpg\" alt=\"Verdens bedste bog\" class=\"wp-image-55 size-full\" srcset=\"https:\/\/www.gratisb\u00f8rneb\u00f8ger.dk\/wp-content\/uploads\/2025\/09\/verdens-bedste-bog-721x1024.jpg 721w, https:\/\/www.gratisb\u00f8rneb\u00f8ger.dk\/wp-content\/uploads\/2025\/09\/verdens-bedste-bog-211x300.jpg 211w, https:\/\/www.gratisb\u00f8rneb\u00f8ger.dk\/wp-content\/uploads\/2025\/09\/verdens-bedste-bog-768x1090.jpg 768w, https:\/\/www.gratisb\u00f8rneb\u00f8ger.dk\/wp-content\/uploads\/2025\/09\/verdens-bedste-bog-1082x1536.jpg 1082w, https:\/\/www.gratisb\u00f8rneb\u00f8ger.dk\/wp-content\/uploads\/2025\/09\/verdens-bedste-bog.jpg 1165w\" sizes=\"auto, (max-width: 721px) 100vw, 721px\" \/><\/figure><div class=\"wp-block-media-text__content\">\n<h4 class=\"wp-block-heading\">Verdens bedste bog<\/h4>\n\n\n\n<p><em>Actionbog af Ellen Holmboe. <\/em><br><em>Fra 10 \u00e5r<\/em><\/p>\n\n\n\n<p>Dette er verdens bedste bog \u2013 for alle andre end Storm og Ninja. Hvem er den onde skurk? Og hvordan kan skurken stoppes?<\/p>\n\n\n\n<div class=\"wp-block-buttons is-layout-flex wp-block-buttons-is-layout-flex\">\n<div class=\"wp-block-button is-style-outline is-style-outline--4\"><a class=\"wp-block-button__link wp-element-button\" href=\"http:\/\/ereolengo.dk\/ting\/object\/870970-basis%3A140241504\" target=\"_blank\" rel=\"noreferrer noopener\">L\u00e6s og lyt p\u00e5 eReolen GO<\/a><\/div>\n<\/div>\n\n\n\n<p><\/p>\n<\/div><\/div>\n\n\n\n<hr class=\"wp-block-separator has-alpha-channel-opacity\"\/>\n\n\n\n<figure class=\"wp-block-image aligncenter size-full\"><a href=\"https:\/\/preview.mailerlite.io\/forms\/1804183\/165882161517298817\/share\" target=\"_blank\" rel=\" noreferrer noopener\"><img loading=\"lazy\" decoding=\"async\" width=\"532\" height=\"502\" src=\"https:\/\/www.gratisb\u00f8rneb\u00f8ger.dk\/wp-content\/uploads\/2025\/09\/2025_tilmelding-til-GB.jpg\" alt=\"2025 tilmelding til gb\" class=\"wp-image-85\" srcset=\"https:\/\/www.gratisb\u00f8rneb\u00f8ger.dk\/wp-content\/uploads\/2025\/09\/2025_tilmelding-til-GB.jpg 532w, https:\/\/www.gratisb\u00f8rneb\u00f8ger.dk\/wp-content\/uploads\/2025\/09\/2025_tilmelding-til-GB-300x283.jpg 300w\" sizes=\"auto, (max-width: 532px) 100vw, 532px\" \/><\/a><\/figure>\n\n\n\n<div class=\"wp-block-buttons is-content-justification-center is-layout-flex wp-container-core-buttons-is-layout-a89b3969 wp-block-buttons-is-layout-flex\">\n<div class=\"wp-block-button\"><a class=\"wp-block-button__link has-text-align-center wp-element-button\" href=\"https:\/\/jankjaer.dk\/Plakat_sommer2025.pdf\" target=\"_blank\" rel=\"noreferrer noopener\">Hent sommerplakaten 2025<\/a><\/div>\n<\/div>\n\n\n\n<hr class=\"wp-block-separator has-alpha-channel-opacity\"\/>\n\n\n\n<h4 class=\"wp-block-heading\">M\u00f8d forfatterne \u2013 fra GratisB\u00f8rneb\u00f8ger.dk<\/h4>\n\n\n\n<div class=\"wp-block-group is-nowrap is-layout-flex wp-container-core-group-is-layout-6c531013 wp-block-group-is-layout-flex\">\n<blockquote class=\"wp-block-quote is-layout-flow wp-block-quote-is-layout-flow\">\n<p>Bag GratisB\u00f8rneb\u00f8ger.dk st\u00e5r nogle af landets sejeste b\u00f8rnebogsforfattere \u2013 Ellen Holmboe, Jan Kj\u00e6r, Henrik Einspor og Bo Skjoldborg.  L\u00e6sekampagnen opstod i for\u00e5ret 2014 med henblik p\u00e5 at give landets b\u00f8rn flere gode l\u00e6seoplevelser p\u00e5 en praktisk og lettilg\u00e6ngelig m\u00e5de. Siden har t\u00e6t p\u00e5 million l\u00e6selystne stukket hovedet forbi.<\/p>\n<\/blockquote>\n<\/div>\n\n\n\n<h4 class=\"wp-block-heading\"><\/h4>\n\n\n\n<div class=\"wp-block-columns is-layout-flex wp-container-core-columns-is-layout-28f84493 wp-block-columns-is-layout-flex\">\n<div class=\"wp-block-column is-layout-flow wp-block-column-is-layout-flow\" style=\"flex-basis:100%\">\n<div class=\"wp-block-media-text is-stacked-on-mobile\" style=\"grid-template-columns:18% auto\"><figure class=\"wp-block-media-text__media\"><img loading=\"lazy\" decoding=\"async\" width=\"311\" height=\"312\" src=\"https:\/\/www.gratisb\u00f8rneb\u00f8ger.dk\/wp-content\/uploads\/2025\/09\/Jan-Kjaer-forfatter-boger-boern-1.png\" alt=\"Jan kj\u00e6r forfatter boger b\u00f8rn\" class=\"wp-image-142 size-full\" srcset=\"https:\/\/www.gratisb\u00f8rneb\u00f8ger.dk\/wp-content\/uploads\/2025\/09\/Jan-Kjaer-forfatter-boger-boern-1.png 311w, https:\/\/www.gratisb\u00f8rneb\u00f8ger.dk\/wp-content\/uploads\/2025\/09\/Jan-Kjaer-forfatter-boger-boern-1-300x300.png 300w, https:\/\/www.gratisb\u00f8rneb\u00f8ger.dk\/wp-content\/uploads\/2025\/09\/Jan-Kjaer-forfatter-boger-boern-1-150x150.png 150w\" sizes=\"auto, (max-width: 311px) 100vw, 311px\" \/><\/figure><div class=\"wp-block-media-text__content\">\n<p><strong>Jan Kj\u00e6r<\/strong><\/p>\n\n\n\n<p>Prisbel\u00f8nnet forfatter og tegner<\/p>\n<\/div><\/div>\n\n\n\n<div class=\"wp-block-media-text is-stacked-on-mobile\" style=\"grid-template-columns:18% auto\"><figure class=\"wp-block-media-text__media\"><img loading=\"lazy\" decoding=\"async\" width=\"298\" height=\"299\" src=\"https:\/\/www.gratisb\u00f8rneb\u00f8ger.dk\/wp-content\/uploads\/2025\/09\/Ellen-Holmboe-forfatter-boger-boern.jpg\" alt=\"Ellen holmboe forfatter boger b\u00f8rn\" class=\"wp-image-134 size-full\" srcset=\"https:\/\/www.gratisb\u00f8rneb\u00f8ger.dk\/wp-content\/uploads\/2025\/09\/Ellen-Holmboe-forfatter-boger-boern.jpg 298w, https:\/\/www.gratisb\u00f8rneb\u00f8ger.dk\/wp-content\/uploads\/2025\/09\/Ellen-Holmboe-forfatter-boger-boern-150x150.jpg 150w\" sizes=\"auto, (max-width: 298px) 100vw, 298px\" \/><\/figure><div class=\"wp-block-media-text__content\">\n<p><strong>Ellen Holmboe<\/strong><\/p>\n\n\n\n<p>Humor og gys<\/p>\n<\/div><\/div>\n\n\n\n<div class=\"wp-block-media-text is-stacked-on-mobile\" style=\"grid-template-columns:18% auto\"><figure class=\"wp-block-media-text__media\"><img loading=\"lazy\" decoding=\"async\" width=\"307\" height=\"306\" src=\"https:\/\/www.gratisb\u00f8rneb\u00f8ger.dk\/wp-content\/uploads\/2025\/09\/Bo-Skjoldborg-forfatter-gratis-boger.jpg\" alt=\"Bo skjoldborg forfatter gratis boger\" class=\"wp-image-90 size-full\" srcset=\"https:\/\/www.gratisb\u00f8rneb\u00f8ger.dk\/wp-content\/uploads\/2025\/09\/Bo-Skjoldborg-forfatter-gratis-boger.jpg 307w, https:\/\/www.gratisb\u00f8rneb\u00f8ger.dk\/wp-content\/uploads\/2025\/09\/Bo-Skjoldborg-forfatter-gratis-boger-300x300.jpg 300w, https:\/\/www.gratisb\u00f8rneb\u00f8ger.dk\/wp-content\/uploads\/2025\/09\/Bo-Skjoldborg-forfatter-gratis-boger-150x150.jpg 150w\" sizes=\"auto, (max-width: 307px) 100vw, 307px\" \/><\/figure><div class=\"wp-block-media-text__content\">\n<p><strong>Bo Skjoldborg<\/strong><br>Humor, sp\u00e6nding, v\u00e6gt p\u00e5 karaktererne<\/p>\n\n\n\n<p><\/p>\n<\/div><\/div>\n\n\n\n<div class=\"wp-block-media-text is-stacked-on-mobile\" style=\"grid-template-columns:18% auto\"><figure class=\"wp-block-media-text__media\"><img loading=\"lazy\" decoding=\"async\" width=\"292\" height=\"292\" src=\"https:\/\/www.gratisb\u00f8rneb\u00f8ger.dk\/wp-content\/uploads\/2025\/09\/Henrik-Einspor-forfatter-mellemtrin-1.png\" alt=\"Henrik einspor forfatter mellemtrin\" class=\"wp-image-143 size-full\" srcset=\"https:\/\/www.gratisb\u00f8rneb\u00f8ger.dk\/wp-content\/uploads\/2025\/09\/Henrik-Einspor-forfatter-mellemtrin-1.png 292w, https:\/\/www.gratisb\u00f8rneb\u00f8ger.dk\/wp-content\/uploads\/2025\/09\/Henrik-Einspor-forfatter-mellemtrin-1-150x150.png 150w\" sizes=\"auto, (max-width: 292px) 100vw, 292px\" \/><\/figure><div class=\"wp-block-media-text__content\">\n<p><strong>Henrik Einspor<\/strong><\/p>\n\n\n\n<p>Humor, gys og sp\u00e6nding<\/p>\n<\/div><\/div>\n<\/div>\n<\/div>\n\n\n\n<hr class=\"wp-block-separator has-alpha-channel-opacity\"\/>\n\n\n\n<h4 class=\"wp-block-heading\"><strong>PS: Kan du li\u2019 id\u00e9en? Vi bliver rigtig glade, hvis du deler det med vennerne&nbsp;<\/strong>\ud83d\ude42<\/h4>\n\n\n\n<p><\/p>\n","protected":false},"excerpt":{"rendered":"<p>>>>Skriv dig op til nyhedsbrevet \u2013 fra forfatterne bag GratisB\u00f8rneb\u00f8ger.dk Fire gode bud p\u00e5 en fed bog. Find den p\u00e5 eReolen GO M\u00f8d forfatterne \u2013 fra GratisB\u00f8rneb\u00f8ger.dk Bag GratisB\u00f8rneb\u00f8ger.dk st\u00e5r nogle af landets sejeste b\u00f8rnebogsforfattere \u2013 Ellen Holmboe, Jan Kj\u00e6r, Henrik Einspor og Bo Skjoldborg. L\u00e6sekampagnen opstod i for\u00e5ret 2014 med henblik p\u00e5 at give [&hellip;]<\/p>\n","protected":false},"author":1,"featured_media":0,"parent":0,"menu_order":0,"comment_status":"closed","ping_status":"open","template":"","meta":{"slim_seo":{"title":"Gratis B\u00f8rneb\u00f8ger | mellemtrin | fril\u00e6sning og sjov","description":"For\u00e6ldre, l\u00e6rere og bibliotekarer: Find gratis og sp\u00e6ndende b\u00f8rneb\u00f8ger til fril\u00e6sning for mellemtrin og indskoling. Hent digitale b\u00f8ger 3 m\u00e5neder om \u00e5ret."},"footnotes":""},"class_list":["post-2","page","type-page","status-publish","hentry"],"_links":{"self":[{"href":"https:\/\/www.gratisb\u00f8rneb\u00f8ger.dk\/index.php?rest_route=\/wp\/v2\/pages\/2","targetHints":{"allow":["GET"]}}],"collection":[{"href":"https:\/\/www.gratisb\u00f8rneb\u00f8ger.dk\/index.php?rest_route=\/wp\/v2\/pages"}],"about":[{"href":"https:\/\/www.gratisb\u00f8rneb\u00f8ger.dk\/index.php?rest_route=\/wp\/v2\/types\/page"}],"author":[{"embeddable":true,"href":"https:\/\/www.gratisb\u00f8rneb\u00f8ger.dk\/index.php?rest_route=\/wp\/v2\/users\/1"}],"replies":[{"embeddable":true,"href":"https:\/\/www.gratisb\u00f8rneb\u00f8ger.dk\/index.php?rest_route=%2Fwp%2Fv2%2Fcomments&post=2"}],"version-history":[{"count":111,"href":"https:\/\/www.gratisb\u00f8rneb\u00f8ger.dk\/index.php?rest_route=\/wp\/v2\/pages\/2\/revisions"}],"predecessor-version":[{"id":251,"href":"https:\/\/www.gratisb\u00f8rneb\u00f8ger.dk\/index.php?rest_route=\/wp\/v2\/pages\/2\/revisions\/251"}],"wp:attachment":[{"href":"https:\/\/www.gratisb\u00f8rneb\u00f8ger.dk\/index.php?rest_route=%2Fwp%2Fv2%2Fmedia&parent=2"}],"curies":[{"name":"wp","href":"https:\/\/api.w.org\/{rel}","templated":true}]}}